{"id":68,"date":"2021-06-23T11:10:19","date_gmt":"2021-06-23T11:10:19","guid":{"rendered":"http:\/\/casi.arh.tuiasi.ro\/?page_id=68"},"modified":"2024-09-17T12:02:42","modified_gmt":"2024-09-17T12:02:42","slug":"despre-proiect","status":"publish","type":"page","link":"http:\/\/casi.arh.tuiasi.ro\/index.php\/despre-proiect\/","title":{"rendered":"Despre proiect"},"content":{"rendered":"\n<div class=\"wp-block-cover alignfull has-nv-site-bg-background-color has-background-dim\" style=\"min-height:300px\"><div class=\"wp-block-cover__inner-container\">\n<div class=\"wp-block-group\"><div class=\"wp-block-group__inner-container\">\n<h1 class=\"has-text-align-left has-neve-text-color-color has-text-color\">Despre proiect<\/h1>\n<\/div><\/div>\n\n\n\n<p><\/p>\n<\/div><\/div>\n\n\n\n<div class=\"wp-block-cover alignfull has-nv-dark-bg-background-color has-background-dim\" style=\"min-height:600px\"><div class=\"wp-block-cover__inner-container\">\n<div class=\"wp-block-group\"><div class=\"wp-block-group__inner-container\">\n<div style=\"height:80px\" aria-hidden=\"true\" class=\"wp-block-spacer\"><\/div>\n\n\n\n<div class=\"wp-block-columns are-vertically-aligned-center\">\n<div class=\"wp-block-column is-vertically-aligned-center\" style=\"flex-basis:50%\">\n<h2 class=\"has-nv-text-dark-bg-color has-text-color\">CASA &#8211; ACAS\u0102 \u2013 SPA\u021aII INFINITE<\/h2>\n\n\n\n<p>Proiectul privind \u00cenv\u0103\u021b\u0103m\u00e2ntul Secundar (Romania SecondaryEducation Project \u2013 ROSE), \u00een valoare total\u0103 de 200 de milioane de euro, este finan\u021bat integral de \u00eentre Rom\u00e2nia \u0219i Banca Interna\u021bional\u0103 pentru Reconstruc\u021bie \u0219i Dezvoltare, semnat la Washington la 17 aprilie 2015, \u0219i se va derula pe o perioad\u0103 de 7 ani, \u00een intervalul 2015 \u2013 2022. Proiectul este implementat de c\u0103tre Ministerul Educa\u021biei Na\u021bionale, prin Unitatea de Management al Proiectelor cu Finan\u021bare Extern\u0103 UMPFE.<\/p>\n\n\n\n<p>Obiectivele de Dezvoltare ale proiectului ROSE sunt \u00eembun\u0103t\u0103\u021birea tranzi\u021biei de la liceu la \u00eenv\u0103\u021b\u0103m\u00e2ntul ter\u021biar \u0219i cre\u0219terea gradului de reten\u021bie \u00een primul an de \u00eenv\u0103\u021b\u0103m\u00e2nt universitar \u00een institu\u021biile finan\u021bate \u00een cadrul proiectului.<\/p>\n\n\n\n<p>\u0218coala de var\u0103 CASI, ca orice program punte de var\u0103 \u00ee\u0219i propune familiarizarea elevilor cu mediul universitar \u00een vederea orient\u0103rii lor spre o carier\u0103 de viitor arhitect sau \u00een domenii conexe \u00een care poate activa un arhitect, cum ar fi: design de interior, design de obiect, mobilier, scenografie \u2013 decoruri, de film sau teatru, grafic\u0103 pentru jocuri sau aplica\u021bii.<\/p>\n\n\n\n<div style=\"height:20px\" aria-hidden=\"true\" class=\"wp-block-spacer\"><\/div>\n\n\n\n<div class=\"wp-block-buttons\">\n<div class=\"wp-block-button is-style-primary\"><a class=\"wp-block-button__link\" href=\"http:\/\/casi.arh.tuiasi.ro\/index.php\/orar-2024\/\"> Vezi programul CURSURILOR<\/a><\/div>\n<\/div>\n\n\n\n<div style=\"height:20px\" aria-hidden=\"true\" class=\"wp-block-spacer\"><\/div>\n<\/div>\n\n\n\n<div class=\"wp-block-column is-vertically-aligned-center\" style=\"flex-basis:50%\">\n<figure class=\"wp-block-image\"><img src=\"http:\/\/casi.arh.tuiasi.ro\/wp-content\/themes\/neve\/assets\/img\/starter-content\/card-02.jpg\" alt=\"\"\/><\/figure>\n<\/div>\n<\/div>\n\n\n\n<div style=\"height:40px\" aria-hidden=\"true\" class=\"wp-block-spacer\"><\/div>\n<\/div><\/div>\n<\/div><\/div>\n\n\n\n<h2>Echipa proiectului<\/h2>\n\n\n\n<div class=\"wp-block-columns\">\n<div class=\"wp-block-column\">\n<p>s.l. dr. arh. <strong>Mihaela Agata CEHAN<\/strong> &#8211; Coordonator proiect<\/p>\n\n\n\n<p>s.l. dr. arh. <strong>Constanta Carmina GHEORGHITA<\/strong> &#8211; Asistent proiect<\/p>\n\n\n\n<p>conf. dr. a.pl. <strong>Adriana MICU <\/strong><\/p>\n\n\n\n<p>conf. dr. arh. <strong>Raluca MANOLIU<\/strong><\/p>\n\n\n\n<p>conf. dr. arh. <strong>Radu ANDREI<\/strong><\/p>\n\n\n\n<p>asist. dr. arh. <strong>Ramona COSTEA\u00a0<\/strong><\/p>\n\n\n\n<p>asist. dr. arh.<strong> Tiberiu TEODOR-STANCIU&nbsp;<\/strong><\/p>\n\n\n\n<p>s.l. dr. arh. <strong>Horia \u021aUNDREA<\/strong><\/p>\n\n\n\n<p>s.l. dr. <strong>Roxana AXINTE<\/strong><\/p>\n\n\n\n<p>asist. drd. arh. <strong>Nely<\/strong> <strong>V\u00c2N\u0102U<\/strong>&#8211; profesor inso\u021bitor<\/p>\n\n\n\n<p>drd. arh. <strong>Oana STANCIU<\/strong><\/p>\n<\/div>\n\n\n\n<div class=\"wp-block-column\">\n<p>arh. <strong>Claudia<\/strong> <strong>DASC\u0102LU <\/strong>&#8211; profesor inso\u021bitor<\/p>\n\n\n\n<p><strong>Carmen<\/strong> <strong>R\u0102ILEANU<\/strong>&#8211; profesor inso\u021bitor<\/p>\n\n\n\n<p><strong>Paula<\/strong> <strong>NEGRU <\/strong>&#8211; profesor inso\u021bitor<\/p>\n\n\n\n<p><strong>Stefania CUCUTEANU <\/strong>&#8211; profesor \u00eenso\u021bitor<\/p>\n\n\n\n<p><strong>Daniela G\u0102B\u0102ROI <\/strong>&#8211; profesor \u00eenso\u021bitor<\/p>\n\n\n\n<p><strong>Andreea Nicoleta AMARANDEI<\/strong> &#8211; profesor \u00eenso\u021bitor<\/p>\n\n\n\n<p>arh. <strong>C\u0103t\u0103lina SEVERIN<\/strong> &#8211; profesor \u00eenso\u021bitor<\/p>\n\n\n\n<hr class=\"wp-block-separator\"\/>\n\n\n\n<p><strong>Oana Maria CHINDEA<\/strong> &#8211; student<\/p>\n\n\n\n<p><strong>Andra Elena APOSTOL<\/strong> &#8211; student<\/p>\n\n\n\n<p><strong> Mihaela APUC\u0102LOAIEI<\/strong> &#8211; student<\/p>\n\n\n\n<p><strong>\u00a0Miruna-Georgiana N\u0102STAS\u0102<\/strong> &#8211; student<\/p>\n\n\n\n<p><strong>George Ciprian \u0218I\u0218U<\/strong> &#8211; student<\/p>\n\n\n\n<p><strong>Bogdan<\/strong> <strong>GHILESCHI <\/strong>&#8211;\u00a0student<\/p>\n\n\n\n<p><strong>Maria BUTN\u0102RA\u0218U <\/strong>&#8211;\u00a0student<\/p>\n\n\n\n<p><strong>Oana Maria ARHIP <\/strong>&#8211;&nbsp;student<\/p>\n\n\n\n<p><strong>Adina Adelina BULIGA <\/strong>&#8211;&nbsp;student<\/p>\n\n\n\n<p><strong>Ana Maria NI\u021aIC\u0102 <\/strong>&#8211;&nbsp;student<\/p>\n<\/div>\n<\/div>\n\n\n\n<p><\/p>\n","protected":false},"excerpt":{"rendered":"<p>Echipa proiectului<\/p>\n","protected":false},"author":2,"featured_media":0,"parent":0,"menu_order":0,"comment_status":"closed","ping_status":"closed","template":"","meta":{"neve_meta_sidebar":"","neve_meta_container":"","neve_meta_enable_content_width":"on","neve_meta_content_width":100,"neve_meta_title_alignment":"","neve_meta_author_avatar":"","neve_post_elements_order":"","neve_meta_disable_header":"","neve_meta_disable_footer":"","neve_meta_disable_title":"on"},"_links":{"self":[{"href":"http:\/\/casi.arh.tuiasi.ro\/index.php\/wp-json\/wp\/v2\/pages\/68"}],"collection":[{"href":"http:\/\/casi.arh.tuiasi.ro\/index.php\/wp-json\/wp\/v2\/pages"}],"about":[{"href":"http:\/\/casi.arh.tuiasi.ro\/index.php\/wp-json\/wp\/v2\/types\/page"}],"author":[{"embeddable":true,"href":"http:\/\/casi.arh.tuiasi.ro\/index.php\/wp-json\/wp\/v2\/users\/2"}],"replies":[{"embeddable":true,"href":"http:\/\/casi.arh.tuiasi.ro\/index.php\/wp-json\/wp\/v2\/comments?post=68"}],"version-history":[{"count":11,"href":"http:\/\/casi.arh.tuiasi.ro\/index.php\/wp-json\/wp\/v2\/pages\/68\/revisions"}],"predecessor-version":[{"id":3474,"href":"http:\/\/casi.arh.tuiasi.ro\/index.php\/wp-json\/wp\/v2\/pages\/68\/revisions\/3474"}],"wp:attachment":[{"href":"http:\/\/casi.arh.tuiasi.ro\/index.php\/wp-json\/wp\/v2\/media?parent=68"}],"curies":[{"name":"wp","href":"https:\/\/api.w.org\/{rel}","templated":true}]}}